{"id":10829,"date":"2025-09-25T11:54:54","date_gmt":"2025-09-25T09:54:54","guid":{"rendered":"https:\/\/flutur.shop\/?page_id=10829"},"modified":"2025-09-25T12:16:11","modified_gmt":"2025-09-25T10:16:11","slug":"programi-i-besnikerise","status":"publish","type":"page","link":"https:\/\/flutur.shop\/sq\/programi-i-besnikerise\/","title":{"rendered":"Programi i besnik\u00ebris\u00eb"},"content":{"rendered":"<div data-elementor-type=\"wp-page\" data-elementor-id=\"10829\" class=\"elementor elementor-10829\">\n\t\t\t\t<div class=\"elementor-element elementor-element-7879d3c e-flex e-con-boxed ecomus-responsive-column ecomus-tablet-column--default ecomus-responsive-column ecomus-mobile-column--default ecomus-responsive-column ecomus-motion--var(--position) e-con e-parent\" data-id=\"7879d3c\" data-element_type=\"container\">\n\t\t\t\t\t<div class=\"e-con-inner\">\n\t\t<div class=\"elementor-element elementor-element-e1f4ef9 e-con-full e-flex ecomus-responsive-column ecomus-tablet-column--default ecomus-responsive-column ecomus-mobile-column--default ecomus-responsive-column ecomus-motion--var(--position) e-con e-child\" data-id=\"e1f4ef9\" data-element_type=\"container\">\n\t\t\t\t<div class=\"elementor-element elementor-element-85a508a elementor-widget elementor-widget-text-editor\" data-id=\"85a508a\" data-element_type=\"widget\" data-widget_type=\"text-editor.default\">\n\t\t\t\t<div class=\"elementor-widget-container\">\n\t\t\t\t\t\t\t\t\t<p data-start=\"0\" data-end=\"80\"><strong data-start=\"3\" data-end=\"78\">Fluturo m\u00eb lart me Flutur \u2014 sa m\u00eb shum\u00eb t\u00eb blesh, aq m\u00eb shum\u00eb shk\u00eblqen.<\/strong><\/p><p data-start=\"82\" data-end=\"342\" data-is-last-node=\"\" data-is-only-node=\"\">Mir\u00eb se erdhe n\u00eb <strong data-start=\"99\" data-end=\"133\">Programin e Besnik\u00ebris\u00eb nga Flutur<\/strong>, m\u00ebnyra jon\u00eb p\u00ebr t\u00eb t\u00eb fal\u00ebnderuar q\u00eb je pjes\u00eb e familjes son\u00eb. Sa m\u00eb shum\u00eb t\u00eb blesh, aq m\u00eb shum\u00eb kursen \u2014 dhe aq m\u00eb af\u00ebr je p\u00ebr t\u00eb p\u00ebrfituar p\u00ebrfitime ekskluzive, dhurata VIP dhe surpriza vet\u00ebm p\u00ebr an\u00ebtar\u00ebt.<\/p>\t\t\t\t\t\t\t\t<\/div>\n\t\t\t\t<\/div>\n\t\t\t\t<\/div>\n\t\t\t\t\t<\/div>\n\t\t\t\t<\/div>\n\t\t<div class=\"elementor-element elementor-element-b65ac94 e-flex e-con-boxed ecomus-responsive-column ecomus-tablet-column--default ecomus-responsive-column ecomus-mobile-column--default ecomus-responsive-column ecomus-motion--var(--position) e-con e-parent\" data-id=\"b65ac94\" data-element_type=\"container\" data-settings=\"{&quot;background_background&quot;:&quot;classic&quot;}\">\n\t\t\t\t\t<div class=\"e-con-inner\">\n\t\t<div class=\"elementor-element elementor-element-8c3ff45 e-con-full e-flex ecomus-responsive-column ecomus-tablet-column--default ecomus-responsive-column ecomus-mobile-column--default ecomus-responsive-column ecomus-motion--var(--position) e-con e-child\" data-id=\"8c3ff45\" data-element_type=\"container\" data-settings=\"{&quot;background_background&quot;:&quot;classic&quot;}\">\n\t\t\t\t<div class=\"elementor-element elementor-element-7aa505c elementor-widget elementor-widget-heading\" data-id=\"7aa505c\" data-element_type=\"widget\" data-widget_type=\"heading.default\">\n\t\t\t\t<div class=\"elementor-widget-container\">\n\t\t\t\t\t<h2 class=\"elementor-heading-title elementor-size-default\">Si funksionon<\/h2>\t\t\t\t<\/div>\n\t\t\t\t<\/div>\n\t\t\t\t<div class=\"elementor-element elementor-element-44f7c96 elementor-widget-mobile__width-initial elementor-widget elementor-widget-text-editor\" data-id=\"44f7c96\" data-element_type=\"widget\" data-widget_type=\"text-editor.default\">\n\t\t\t\t<div class=\"elementor-widget-container\">\n\t\t\t\t\t\t\t\t\t<p>Regjistrimi \u00ebsht\u00eb krejt\u00a0<strong data-start=\"598\" data-end=\"620\">falas<\/strong>\u00a0\u2014 gjith\u00e7ka q\u00eb duhet t\u00eb b\u00ebsh \u00ebsht\u00eb t\u00eb\u00a0regjistrohesh dhe t\u00eb krijosh profil!\u00a0<\/p>\t\t\t\t\t\t\t\t<\/div>\n\t\t\t\t<\/div>\n\t\t\t\t<div class=\"elementor-element elementor-element-2987e22 elementor-widget elementor-widget-image\" data-id=\"2987e22\" data-element_type=\"widget\" data-widget_type=\"image.default\">\n\t\t\t\t<div class=\"elementor-widget-container\">\n\t\t\t\t\t\t\t\t\t\t\t\t\t\t\t<img fetchpriority=\"high\" decoding=\"async\" width=\"2560\" height=\"1225\" src=\"https:\/\/flutur.shop\/wp-content\/uploads\/2025\/09\/Screenshot-2025-09-25-at-10.57.31-scaled.webp\" class=\"attachment-full size-full wp-image-10819\" alt=\"login or register \/ flutur.shop\" srcset=\"https:\/\/flutur.shop\/wp-content\/uploads\/2025\/09\/Screenshot-2025-09-25-at-10.57.31-scaled.webp 2560w, https:\/\/flutur.shop\/wp-content\/uploads\/2025\/09\/Screenshot-2025-09-25-at-10.57.31-300x144.webp 300w, https:\/\/flutur.shop\/wp-content\/uploads\/2025\/09\/Screenshot-2025-09-25-at-10.57.31-1024x490.webp 1024w, https:\/\/flutur.shop\/wp-content\/uploads\/2025\/09\/Screenshot-2025-09-25-at-10.57.31-768x368.webp 768w, https:\/\/flutur.shop\/wp-content\/uploads\/2025\/09\/Screenshot-2025-09-25-at-10.57.31-1536x735.webp 1536w, https:\/\/flutur.shop\/wp-content\/uploads\/2025\/09\/Screenshot-2025-09-25-at-10.57.31-2048x980.webp 2048w, https:\/\/flutur.shop\/wp-content\/uploads\/2025\/09\/Screenshot-2025-09-25-at-10.57.31-18x9.webp 18w, https:\/\/flutur.shop\/wp-content\/uploads\/2025\/09\/Screenshot-2025-09-25-at-10.57.31-700x335.webp 700w, https:\/\/flutur.shop\/wp-content\/uploads\/2025\/09\/Screenshot-2025-09-25-at-10.57.31-scaled-130x62.webp 130w\" sizes=\"(max-width: 2560px) 100vw, 2560px\" \/>\t\t\t\t\t\t\t\t\t\t\t\t\t\t\t<\/div>\n\t\t\t\t<\/div>\n\t\t\t\t<div class=\"elementor-element elementor-element-9d412de elementor-align-center elementor-mobile-align-center elementor-widget elementor-widget-button\" data-id=\"9d412de\" data-element_type=\"widget\" data-widget_type=\"button.default\">\n\t\t\t\t<div class=\"elementor-widget-container\">\n\t\t\t\t\t\t\t\t\t<div class=\"elementor-button-wrapper\">\n\t\t\t\t\t<a class=\"elementor-button elementor-button-link elementor-size-sm\" href=\"https:\/\/flutur.shop\/sq\/my-account\/\">\n\t\t\t\t\t\t<span class=\"elementor-button-content-wrapper\">\n\t\t\t\t\t\t\t\t\t<span class=\"elementor-button-text\">Regjistrohu \/ Log in<\/span>\n\t\t\t\t\t<\/span>\n\t\t\t\t\t<\/a>\n\t\t\t\t<\/div>\n\t\t\t\t\t\t\t\t<\/div>\n\t\t\t\t<\/div>\n\t\t\t\t<div class=\"elementor-element elementor-element-031a536 elementor-widget elementor-widget-text-editor\" data-id=\"031a536\" data-element_type=\"widget\" data-widget_type=\"text-editor.default\">\n\t\t\t\t<div class=\"elementor-widget-container\">\n\t\t\t\t\t\t\t\t\t<p>Me \u00e7do porosi q\u00eb realizon, ngjitesh n\u00eb nivele t\u00eb reja p\u00ebrfitimesh. Secili nivel sjell zbritje m\u00eb t\u00eb m\u00ebdha, dhurata m\u00eb t\u00eb bukura dhe surpriza vet\u00ebm p\u00ebr an\u00ebtar\u00ebt.<\/p>\t\t\t\t\t\t\t\t<\/div>\n\t\t\t\t<\/div>\n\t\t\t\t<\/div>\n\t\t\t\t\t<\/div>\n\t\t\t\t<\/div>\n\t\t<div class=\"elementor-element elementor-element-57dc259 e-flex e-con-boxed ecomus-responsive-column ecomus-tablet-column--default ecomus-responsive-column ecomus-mobile-column--default ecomus-responsive-column ecomus-motion--var(--position) e-con e-parent\" data-id=\"57dc259\" data-element_type=\"container\">\n\t\t\t\t\t<div class=\"e-con-inner\">\n\t\t<div class=\"elementor-element elementor-element-f7fa9d9 e-con-full e-flex ecomus-responsive-column ecomus-tablet-column--default ecomus-responsive-column ecomus-mobile-column--default ecomus-responsive-column ecomus-motion--var(--position) e-con e-child\" data-id=\"f7fa9d9\" data-element_type=\"container\">\n\t\t\t\t<div class=\"elementor-element elementor-element-0cba652 elementor-widget elementor-widget-heading\" data-id=\"0cba652\" data-element_type=\"widget\" data-widget_type=\"heading.default\">\n\t\t\t\t<div class=\"elementor-widget-container\">\n\t\t\t\t\t<h2 class=\"elementor-heading-title elementor-size-default\">\ud83c\udfc6 Nivelet e An\u00ebtar\u00ebsis\u00eb<\/h2>\t\t\t\t<\/div>\n\t\t\t\t<\/div>\n\t\t\t\t<\/div>\n\t\t\t\t\t<\/div>\n\t\t\t\t<\/div>\n\t\t<div class=\"elementor-element elementor-element-9e46d68 e-flex e-con-boxed ecomus-responsive-column ecomus-tablet-column--default ecomus-responsive-column ecomus-mobile-column--default ecomus-responsive-column ecomus-motion--var(--position) e-con e-parent\" data-id=\"9e46d68\" data-element_type=\"container\" data-settings=\"{&quot;background_background&quot;:&quot;classic&quot;}\">\n\t\t\t\t\t<div class=\"e-con-inner\">\n\t\t<div class=\"elementor-element elementor-element-5e2ac82 e-con-full e-flex ecomus-responsive-column ecomus-tablet-column--default ecomus-responsive-column ecomus-mobile-column--default ecomus-responsive-column ecomus-motion--var(--position) e-con e-child\" data-id=\"5e2ac82\" data-element_type=\"container\">\n\t\t\t\t<div class=\"elementor-element elementor-element-a00a22c elementor-position-top elementor-widget elementor-widget-image-box\" data-id=\"a00a22c\" data-element_type=\"widget\" data-widget_type=\"image-box.default\">\n\t\t\t\t<div class=\"elementor-widget-container\">\n\t\t\t\t\t<div class=\"elementor-image-box-wrapper\"><figure class=\"elementor-image-box-img\"><img decoding=\"async\" width=\"1052\" height=\"1052\" src=\"https:\/\/flutur.shop\/wp-content\/uploads\/2025\/09\/14-2.webp\" class=\"attachment-full size-full wp-image-10823\" alt=\"\" srcset=\"https:\/\/flutur.shop\/wp-content\/uploads\/2025\/09\/14-2.webp 1052w, https:\/\/flutur.shop\/wp-content\/uploads\/2025\/09\/14-2-300x300.webp 300w, https:\/\/flutur.shop\/wp-content\/uploads\/2025\/09\/14-2-1024x1024.webp 1024w, https:\/\/flutur.shop\/wp-content\/uploads\/2025\/09\/14-2-150x150.webp 150w, https:\/\/flutur.shop\/wp-content\/uploads\/2025\/09\/14-2-768x768.webp 768w, https:\/\/flutur.shop\/wp-content\/uploads\/2025\/09\/14-2-12x12.webp 12w, https:\/\/flutur.shop\/wp-content\/uploads\/2025\/09\/14-2-500x500.webp 500w, https:\/\/flutur.shop\/wp-content\/uploads\/2025\/09\/14-2-700x700.webp 700w, https:\/\/flutur.shop\/wp-content\/uploads\/2025\/09\/14-2-130x130.webp 130w\" sizes=\"(max-width: 1052px) 100vw, 1052px\" \/><\/figure><div class=\"elementor-image-box-content\"><h3 class=\"elementor-image-box-title\">1. GLOW MEMBER<\/h3><p class=\"elementor-image-box-description\">\u2726 Aktivizohet pas 3 porosive\n\n\u2726 P\u00ebrfito 5% zbritje n\u00eb t\u00eb gjitha porosit\u00eb e ardhshme\n\n\u2726 Perfekt p\u00ebr dashamir\u00ebsit e qerpik\u00ebve dhe fillestar\u00ebt q\u00eb duan t\u00eb kursejn\u00eb nd\u00ebrsa blejn\u00eb<\/p><\/div><\/div>\t\t\t\t<\/div>\n\t\t\t\t<\/div>\n\t\t\t\t<\/div>\n\t\t<div class=\"elementor-element elementor-element-99fd531 e-con-full e-flex ecomus-responsive-column ecomus-tablet-column--default ecomus-responsive-column ecomus-mobile-column--default ecomus-responsive-column ecomus-motion--var(--position) e-con e-child\" data-id=\"99fd531\" data-element_type=\"container\">\n\t\t\t\t<div class=\"elementor-element elementor-element-d0aea26 elementor-position-top elementor-widget elementor-widget-image-box\" data-id=\"d0aea26\" data-element_type=\"widget\" data-widget_type=\"image-box.default\">\n\t\t\t\t<div class=\"elementor-widget-container\">\n\t\t\t\t\t<div class=\"elementor-image-box-wrapper\"><figure class=\"elementor-image-box-img\"><img decoding=\"async\" width=\"1052\" height=\"1052\" src=\"https:\/\/flutur.shop\/wp-content\/uploads\/2025\/09\/13-1.webp\" class=\"attachment-full size-full wp-image-10824\" alt=\"\" srcset=\"https:\/\/flutur.shop\/wp-content\/uploads\/2025\/09\/13-1.webp 1052w, https:\/\/flutur.shop\/wp-content\/uploads\/2025\/09\/13-1-300x300.webp 300w, https:\/\/flutur.shop\/wp-content\/uploads\/2025\/09\/13-1-1024x1024.webp 1024w, https:\/\/flutur.shop\/wp-content\/uploads\/2025\/09\/13-1-150x150.webp 150w, https:\/\/flutur.shop\/wp-content\/uploads\/2025\/09\/13-1-768x768.webp 768w, https:\/\/flutur.shop\/wp-content\/uploads\/2025\/09\/13-1-12x12.webp 12w, https:\/\/flutur.shop\/wp-content\/uploads\/2025\/09\/13-1-500x500.webp 500w, https:\/\/flutur.shop\/wp-content\/uploads\/2025\/09\/13-1-700x700.webp 700w, https:\/\/flutur.shop\/wp-content\/uploads\/2025\/09\/13-1-130x130.webp 130w\" sizes=\"(max-width: 1052px) 100vw, 1052px\" \/><\/figure><div class=\"elementor-image-box-content\"><h3 class=\"elementor-image-box-title\">2. SILVER MEMBER<\/h3><p class=\"elementor-image-box-description\">\u2726Aktivizohet pas 18 porosive\n\n\u2726 P\u00ebrfito 10% zbritje n\u00eb \u00e7do porosi\n\n\u2726 Merr njoftime t\u00eb parat p\u00ebr koleksione t\u00eb reja, akses t\u00eb hersh\u00ebm dhe oferta sezonale<\/p><\/div><\/div>\t\t\t\t<\/div>\n\t\t\t\t<\/div>\n\t\t\t\t<\/div>\n\t\t<div class=\"elementor-element elementor-element-22a47ed e-con-full e-flex ecomus-responsive-column ecomus-tablet-column--default ecomus-responsive-column ecomus-mobile-column--default ecomus-responsive-column ecomus-motion--var(--position) e-con e-child\" data-id=\"22a47ed\" data-element_type=\"container\">\n\t\t\t\t<div class=\"elementor-element elementor-element-ae5d9eb elementor-position-top elementor-widget elementor-widget-image-box\" data-id=\"ae5d9eb\" data-element_type=\"widget\" data-widget_type=\"image-box.default\">\n\t\t\t\t<div class=\"elementor-widget-container\">\n\t\t\t\t\t<div class=\"elementor-image-box-wrapper\"><figure class=\"elementor-image-box-img\"><img loading=\"lazy\" decoding=\"async\" width=\"1052\" height=\"1052\" src=\"https:\/\/flutur.shop\/wp-content\/uploads\/2025\/09\/12-1.webp\" class=\"attachment-full size-full wp-image-10825\" alt=\"\" srcset=\"https:\/\/flutur.shop\/wp-content\/uploads\/2025\/09\/12-1.webp 1052w, https:\/\/flutur.shop\/wp-content\/uploads\/2025\/09\/12-1-300x300.webp 300w, https:\/\/flutur.shop\/wp-content\/uploads\/2025\/09\/12-1-1024x1024.webp 1024w, https:\/\/flutur.shop\/wp-content\/uploads\/2025\/09\/12-1-150x150.webp 150w, https:\/\/flutur.shop\/wp-content\/uploads\/2025\/09\/12-1-768x768.webp 768w, https:\/\/flutur.shop\/wp-content\/uploads\/2025\/09\/12-1-12x12.webp 12w, https:\/\/flutur.shop\/wp-content\/uploads\/2025\/09\/12-1-500x500.webp 500w, https:\/\/flutur.shop\/wp-content\/uploads\/2025\/09\/12-1-700x700.webp 700w, https:\/\/flutur.shop\/wp-content\/uploads\/2025\/09\/12-1-130x130.webp 130w\" sizes=\"(max-width: 1052px) 100vw, 1052px\" \/><\/figure><div class=\"elementor-image-box-content\"><h3 class=\"elementor-image-box-title\">3. FLUTUR VIP<\/h3><p class=\"elementor-image-box-description\">\u2726Aktivizohet pas 36 porosive\n\n\u2726P\u00ebrfito 15% zbritje n\u00eb \u00e7do porosi\n\n\u2726Merr ftesa p\u00ebr evente ekskluzive, dhurata VIP dhe surpriza gjat\u00eb gjith\u00eb vitit\n\n\u2726Shijo nj\u00eb p\u00ebrvoj\u00eb plot\u00ebsisht t\u00eb personalizuar me Flutur<\/p><\/div><\/div>\t\t\t\t<\/div>\n\t\t\t\t<\/div>\n\t\t\t\t<\/div>\n\t\t\t\t\t<\/div>\n\t\t\t\t<\/div>\n\t\t<div class=\"elementor-element elementor-element-f71ad32 e-flex e-con-boxed ecomus-responsive-column ecomus-tablet-column--default ecomus-responsive-column ecomus-mobile-column--default ecomus-responsive-column ecomus-motion--var(--position) e-con e-parent\" data-id=\"f71ad32\" data-element_type=\"container\" data-settings=\"{&quot;background_background&quot;:&quot;classic&quot;}\">\n\t\t\t\t\t<div class=\"e-con-inner\">\n\t\t\t\t<div class=\"elementor-element elementor-element-5f3a283 elementor-widget elementor-widget-heading\" data-id=\"5f3a283\" data-element_type=\"widget\" data-widget_type=\"heading.default\">\n\t\t\t\t<div class=\"elementor-widget-container\">\n\t\t\t\t\t<h2 class=\"elementor-heading-title elementor-size-default\">\ud83d\udcdc Termat e Programit t\u00eb Besnik\u00ebris\u00eb<\/h2>\t\t\t\t<\/div>\n\t\t\t\t<\/div>\n\t\t\t\t<div class=\"elementor-element elementor-element-8425945 elementor-widget elementor-widget-text-editor\" data-id=\"8425945\" data-element_type=\"widget\" data-widget_type=\"text-editor.default\">\n\t\t\t\t<div class=\"elementor-widget-container\">\n\t\t\t\t\t\t\t\t\t<ul><li data-start=\"1484\" data-end=\"1595\"><p data-start=\"1487\" data-end=\"1595\">Nj\u00eb <strong data-start=\"1491\" data-end=\"1519\">porosi minimale prej \u20ac10<\/strong> \u00ebsht\u00eb e nevojshme q\u00eb ajo t\u00eb llogaritet drejt nivelit t\u00ebnd t\u00eb besnik\u00ebris\u00eb.<\/p><\/li><li data-start=\"1596\" data-end=\"1700\"><p data-start=\"1599\" data-end=\"1700\">N\u00ebse nuk b\u00ebn porosi p\u00ebr <strong data-start=\"1623\" data-end=\"1633\">6 muaj<\/strong>, niveli yt do t\u00eb <strong data-start=\"1651\" data-end=\"1697\">zbres\u00eb automatikisht nj\u00eb shkall\u00eb m\u00eb posht\u00eb<\/strong>.<\/p><\/li><li data-start=\"1701\" data-end=\"1818\"><p data-start=\"1704\" data-end=\"1818\">P\u00ebrfito nj\u00eb <strong data-start=\"1716\" data-end=\"1742\">zbritje p\u00ebr dit\u00eblindje<\/strong> q\u00eb do t\u00eb t\u00eb d\u00ebrgohet me email \u2014 dhurata jon\u00eb p\u00ebr t\u00eb festuar bashk\u00eb me ty.<\/p><\/li><li data-start=\"1819\" data-end=\"1902\"><p data-start=\"1822\" data-end=\"1902\"><strong data-start=\"1822\" data-end=\"1838\">An\u00ebtar\u00ebt VIP<\/strong> marrin nj\u00eb <strong data-start=\"1850\" data-end=\"1877\">dhurat\u00eb surpriz\u00eb shtes\u00eb<\/strong> n\u00eb dit\u00eblindjen e tyre.<\/p><\/li><li data-start=\"1903\" data-end=\"2004\"><p data-start=\"1906\" data-end=\"2004\">N\u00eb llogarin\u00eb t\u00ebnde, do t\u00eb mund t\u00eb ndjek\u00ebsh progresin dhe kursimet totale nga zbritjet gjat\u00eb koh\u00ebs.<\/p><\/li><\/ul>\t\t\t\t\t\t\t\t<\/div>\n\t\t\t\t<\/div>\n\t\t\t\t\t<\/div>\n\t\t\t\t<\/div>\n\t\t<div class=\"elementor-element elementor-element-a861ace e-flex e-con-boxed ecomus-responsive-column ecomus-tablet-column--default ecomus-responsive-column ecomus-mobile-column--default ecomus-responsive-column ecomus-motion--var(--position) e-con e-parent\" data-id=\"a861ace\" data-element_type=\"container\">\n\t\t\t\t\t<div class=\"e-con-inner\">\n\t\t\t\t<div class=\"elementor-element elementor-element-a4016eb elementor-widget elementor-widget-heading\" data-id=\"a4016eb\" data-element_type=\"widget\" data-widget_type=\"heading.default\">\n\t\t\t\t<div class=\"elementor-widget-container\">\n\t\t\t\t\t<h2 class=\"elementor-heading-title elementor-size-default\">bLEJ m\u00eb shum\u00eb, kurse m\u00eb shum\u00eb!<\/h2>\t\t\t\t<\/div>\n\t\t\t\t<\/div>\n\t\t\t\t\t<\/div>\n\t\t\t\t<\/div>\n\t\t\t\t<\/div>","protected":false},"excerpt":{"rendered":"<p>Fluturo m\u00eb lart me Flutur \u2014 sa m\u00eb shum\u00eb t\u00eb blesh, aq m\u00eb shum\u00eb shk\u00eblqen. Mir\u00eb se erdhe n\u00eb Programin e Besnik\u00ebris\u00eb nga Flutur, m\u00ebnyra jon\u00eb p\u00ebr t\u00eb t\u00eb fal\u00ebnderuar q\u00eb je pjes\u00eb e familjes son\u00eb. Sa m\u00eb shum\u00eb t\u00eb blesh, aq m\u00eb shum\u00eb kursen \u2014 dhe aq m\u00eb af\u00ebr je p\u00ebr t\u00eb p\u00ebrfituar p\u00ebrfitime [&hellip;]<\/p>","protected":false},"author":1,"featured_media":0,"parent":0,"menu_order":0,"comment_status":"closed","ping_status":"closed","template":"","meta":{"content-type":"","footnotes":""},"class_list":["post-10829","page","type-page","status-publish","hentry"],"jetpack_sharing_enabled":true,"_links":{"self":[{"href":"https:\/\/flutur.shop\/sq\/wp-json\/wp\/v2\/pages\/10829","targetHints":{"allow":["GET"]}}],"collection":[{"href":"https:\/\/flutur.shop\/sq\/wp-json\/wp\/v2\/pages"}],"about":[{"href":"https:\/\/flutur.shop\/sq\/wp-json\/wp\/v2\/types\/page"}],"author":[{"embeddable":true,"href":"https:\/\/flutur.shop\/sq\/wp-json\/wp\/v2\/users\/1"}],"replies":[{"embeddable":true,"href":"https:\/\/flutur.shop\/sq\/wp-json\/wp\/v2\/comments?post=10829"}],"version-history":[{"count":0,"href":"https:\/\/flutur.shop\/sq\/wp-json\/wp\/v2\/pages\/10829\/revisions"}],"wp:attachment":[{"href":"https:\/\/flutur.shop\/sq\/wp-json\/wp\/v2\/media?parent=10829"}],"curies":[{"name":"wp","href":"https:\/\/api.w.org\/{rel}","templated":true}]}}